{"id":7804,"date":"2021-10-12T15:10:31","date_gmt":"2021-10-12T13:10:31","guid":{"rendered":"http:\/\/www.giteslacombe-perigord.com\/situation-contact\/"},"modified":"2024-09-23T13:09:38","modified_gmt":"2024-09-23T11:09:38","slug":"contact-us","status":"publish","type":"page","link":"https:\/\/www.giteslacombe-perigord.com\/en\/contact-us\/","title":{"rendered":"Contact us \/ Join us"},"content":{"rendered":"\n<style type=\"text\/css\" data-created_by=\"avia_inline_auto\" id=\"style-css-av-kmq7r4iq-ead2bd3b9fd7c3d751c17535aeb08030\">\n.avia-section.av-kmq7r4iq-ead2bd3b9fd7c3d751c17535aeb08030{\nbackground-repeat:no-repeat;\nbackground-image:url(https:\/\/www.giteslacombe-perigord.com\/wp-content\/uploads\/2022\/02\/header-03.jpg);\nbackground-position:50% 50%;\nbackground-attachment:scroll;\n}\n<\/style>\n<div id='av_section_1'  class='avia-section av-kmq7r4iq-ead2bd3b9fd7c3d751c17535aeb08030 main_color avia-section-no-padding avia-no-border-styling  avia-builder-el-0  el_before_av_section  avia-builder-el-first  av-small-hide av-mini-hide avia-full-stretch avia-bg-style-scroll av-minimum-height av-minimum-height-custom av-height-custom  container_wrap sidebar_right'  data-section-bg-repeat='stretch' data-av_minimum_height_px='300'><div class='container av-section-cont-open' style='height:300px'><main  role=\"main\" itemprop=\"mainContentOfPage\"  class='template-page content  av-content-small alpha units'><div class='post-entry post-entry-type-page post-entry-7804'><div class='entry-content-wrapper clearfix'>\n<\/div><\/div><\/main><!-- close content main element --><\/div><\/div>\n<style type=\"text\/css\" data-created_by=\"avia_inline_auto\" id=\"style-css-av-kmq7r4iq-f52746d7d698478796aa6520ee6a9bc3\">\n.avia-section.av-kmq7r4iq-f52746d7d698478796aa6520ee6a9bc3{\nbackground-repeat:no-repeat;\nbackground-image:url(https:\/\/www.giteslacombe-perigord.com\/wp-content\/uploads\/2022\/02\/header-03.jpg);\nbackground-position:50% 50%;\nbackground-attachment:scroll;\n}\n<\/style>\n<div id='av_section_2'  class='avia-section av-kmq7r4iq-f52746d7d698478796aa6520ee6a9bc3 main_color avia-section-no-padding avia-no-border-styling  avia-builder-el-1  el_after_av_section  el_before_av_one_half  av-desktop-hide av-medium-hide avia-full-stretch avia-bg-style-scroll av-minimum-height av-minimum-height-custom av-height-custom  container_wrap sidebar_right'  data-section-bg-repeat='stretch' data-av_minimum_height_px='150'><div class='container av-section-cont-open' style='height:150px'><div class='template-page content  av-content-small alpha units'><div class='post-entry post-entry-type-page post-entry-7804'><div class='entry-content-wrapper clearfix'><\/div><\/div><\/div><!-- close content main div --><\/div><\/div><div id='after_section_2'  class='main_color av_default_container_wrap container_wrap sidebar_right'  ><div class='container av-section-cont-open' ><div class='template-page content  av-content-small alpha units'><div class='post-entry post-entry-type-page post-entry-7804'><div class='entry-content-wrapper clearfix'>\n<div class='flex_column_table av-4ocnvf-7e809e39166a1240c59d4e1c20de581f sc-av_one_half av-equal-height-column-flextable'>\n<style type=\"text\/css\" data-created_by=\"avia_inline_auto\" id=\"style-css-av-4ocnvf-7e809e39166a1240c59d4e1c20de581f\">\n.flex_column.av-4ocnvf-7e809e39166a1240c59d4e1c20de581f{\nborder-radius:0px 0px 0px 0px;\npadding:0px 0px 0px 0px;\n}\n<\/style>\n<div  class='flex_column av-4ocnvf-7e809e39166a1240c59d4e1c20de581f av_one_half  avia-builder-el-2  el_after_av_section  el_before_av_one_half  avia-builder-el-first  first flex_column_table_cell av-equal-height-column av-align-bottom av-zero-column-padding  '     ><section  class='av_textblock_section av-kmq7utu9-8693e639043e42b937bc61f4fb15601d '   itemscope=\"itemscope\" itemtype=\"https:\/\/schema.org\/CreativeWork\" ><div class='avia_textblock'  itemprop=\"text\" ><h2>To contact us<\/h2>\n<h2><span style=\"color: #38495b;\">\u00a0<\/span><\/h2>\n<\/div><\/section><\/div>\n<div class='av-flex-placeholder'><\/div>\n<style type=\"text\/css\" data-created_by=\"avia_inline_auto\" id=\"style-css-av-38aiqj-49ebbe894f016c9e2ca29a327abb1aa7\">\n.flex_column.av-38aiqj-49ebbe894f016c9e2ca29a327abb1aa7{\nborder-radius:0px 0px 0px 0px;\npadding:0px 0px 0px 0px;\n}\n<\/style>\n<div  class='flex_column av-38aiqj-49ebbe894f016c9e2ca29a327abb1aa7 av_one_half  avia-builder-el-4  el_after_av_one_half  el_before_av_one_full  flex_column_table_cell av-equal-height-column av-align-bottom av-zero-column-padding  '     ><div  class='avia-button-wrap av-kwnd3elt-b6d51a81452142fa645b915b493db5a2-wrap avia-button-right  avia-builder-el-5  avia-builder-el-no-sibling '>\n<style type=\"text\/css\" data-created_by=\"avia_inline_auto\" id=\"style-css-av-kwnd3elt-b6d51a81452142fa645b915b493db5a2\">\n#top #wrap_all .avia-button.av-kwnd3elt-b6d51a81452142fa645b915b493db5a2{\nbackground-color:#38495b;\nborder-color:#38495b;\ncolor:#ffffff;\ntransition:all 0.4s ease-in-out;\n}\n<\/style>\n<a href='#situation'  class='avia-button av-kwnd3elt-b6d51a81452142fa645b915b493db5a2 av-link-btn avia-icon_select-yes-left-icon avia-size-medium avia-position-right'   aria-label=\"LOCATION MAP\"><span class='avia_button_icon avia_button_icon_left' aria-hidden='true' data-av_icon='\ue842' data-av_iconfont='entypo-fontello'><\/span><span class='avia_iconbox_title' >LOCATION MAP<\/span><\/a><\/div><\/div><\/div><!--close column table wrapper. Autoclose: 1 -->\n\n<style type=\"text\/css\" data-created_by=\"avia_inline_auto\" id=\"style-css-av-fqwa7-bc777090605166d79f2822cdf733312b\">\n.flex_column.av-fqwa7-bc777090605166d79f2822cdf733312b{\nborder-radius:0px 0px 0px 0px;\npadding:0px 0px 0px 0px;\n}\n<\/style>\n<div  class='flex_column av-fqwa7-bc777090605166d79f2822cdf733312b av_one_full  avia-builder-el-6  el_after_av_one_half  avia-builder-el-last  first flex_column_div av-zero-column-padding  column-top-margin'     ><p>\n<style type=\"text\/css\" data-created_by=\"avia_inline_auto\" id=\"style-css-av-kwnd9ywg-6a515a12b9663986141af8e557790bfc\">\n#top .av_textblock_section.av-kwnd9ywg-6a515a12b9663986141af8e557790bfc .avia_textblock{\nfont-size:13px;\n}\n<\/style>\n<section  class='av_textblock_section av-kwnd9ywg-6a515a12b9663986141af8e557790bfc '   itemscope=\"itemscope\" itemtype=\"https:\/\/schema.org\/CreativeWork\" ><div class='avia_textblock'  itemprop=\"text\" ><p>For all requests or to receive a rental contract, please contact us using the form below. Fields marked with an asterisk (*) must be completed.<\/p>\n<\/div><\/section><br \/>\n<form action=\"https:\/\/www.giteslacombe-perigord.com\/en\/contact-us\/\" method=\"post\" data-fields-with-error=\"Found errors in the following field(s):\" class=\"avia_ajax_form av-form-labels-hidden   avia-builder-el-8  el_after_av_textblock  el_before_av_textblock   \" data-avia-form-id=\"1\" data-avia-redirect='' ><fieldset><p class='  first_form  form_element form_element_half' id='element_avia_1_1'><label for=\"avia_1_1\">Name <abbr class=\"required\" title=\"required\">*<\/abbr><\/label> <input name=\"avia_1_1\" class=\"text_input is_empty\" type=\"text\" id=\"avia_1_1\" value=\"\"  placeholder='Name*'\/><\/p><p class='  form_element form_element_half' id='element_avia_2_1'><label for=\"avia_2_1\">First name<\/label> <input name=\"avia_2_1\" class=\"text_input \" type=\"text\" id=\"avia_2_1\" value=\"\"  placeholder='First name'\/><\/p><p class='  first_form  form_element form_fullwidth' id='element_avia_3_1'><label for=\"avia_3_1\">Address<\/label> <input name=\"avia_3_1\" class=\"text_input \" type=\"text\" id=\"avia_3_1\" value=\"\"  placeholder='Address'\/><\/p><p class='  first_form  form_element form_element_half' id='element_avia_4_1'><label for=\"avia_4_1\">Email <abbr class=\"required\" title=\"required\">*<\/abbr><\/label> <input name=\"avia_4_1\" class=\"text_input is_email\" type=\"text\" id=\"avia_4_1\" value=\"\"  placeholder='Email*'\/><\/p><p class='  form_element form_element_half' id='element_avia_5_1'><label for=\"avia_5_1\">Telephone <abbr class=\"required\" title=\"required\">*<\/abbr><\/label> <input name=\"avia_5_1\" class=\"text_input is_empty\" type=\"text\" id=\"avia_5_1\" value=\"\"  placeholder='Telephone*'\/><\/p><p class='  first_form  form_element form_element_half' id='element_avia_6_1'><label for=\"avia_6_1\">Number of persons<\/label> <input name=\"avia_6_1\" class=\"text_input \" type=\"text\" id=\"avia_6_1\" value=\"\"  placeholder='Number of persons'\/><\/p><p class='  first_form  form_element form_fullwidth' id='element_avia_7_1'><label for=\"avia_7_1\">Pets (max. 1 per cottage)<\/label> <input name=\"avia_7_1\" class=\"text_input \" type=\"text\" id=\"avia_7_1\" value=\"\"  placeholder='Pets (max. 1 per cottage)'\/><\/p><p class='  first_form  form_element form_element_half' id='element_avia_8_1'><label for=\"avia_8_1\">Date of arrival<\/label> <input name=\"avia_8_1\" class=\"avia_datepicker text_input \" type=\"text\" id=\"avia_8_1\" value=\"\" placeholder=\"Date of arrival\" inputmode=\"none\" \/><\/p><p class='  form_element form_element_half' id='element_avia_9_1'><label for=\"avia_9_1\">Date of departure<\/label> <input name=\"avia_9_1\" class=\"avia_datepicker text_input \" type=\"text\" id=\"avia_9_1\" value=\"\" placeholder=\"Date of departure\" inputmode=\"none\" \/><\/p><p class='  first_form  form_element form_fullwidth' id='element_avia_10_1'><label for=\"avia_10_1\" class=\"textare_label hidden textare_label_avia_10_1\">Message<\/label><textarea  placeholder='Message' name=\"avia_10_1\" class=\"text_area \" cols=\"40\" rows=\"7\" id=\"avia_10_1\" ><\/textarea><\/p><p class='  first_form  form_element form_fullwidth' id='element_avia_11_1'><input  name=\"avia_11_1\" class=\"input_checkbox is_empty\" type=\"checkbox\" id=\"avia_11_1\" value=\"true\"\/><label class=\"input_checkbox_label\" for=\"avia_11_1\">By submitting this form, I agree that the information entered will be used to allow for the follow-up that results from my request. <abbr class=\"required\" title=\"required\">*<\/abbr><\/label><\/p><p class=\"hidden\"><input type=\"text\" name=\"avia_12_1\" class=\"hidden \" id=\"avia_12_1\" value=\"\" \/><\/p><div id='avia_13_1' class='av-recaptcha-area  first_form  form_element form_fullwidth '  data-container_class=\"\" data-custom_class=\"\" data-context=\"av_contact_form\" data-token_input=\"av_recaptcha_token\" data-version=\"avia_recaptcha_v3\" data-theme=\"light\" data-size=\"normal\" data-score=\"0.5\" data-text_to_preview=\"\" data-value=\"\"><div class=\"av-google-badge-message hidden\">This site is protected by reCAPTCHA and the Google <a href=\"https:\/\/policies.google.com\/privacy\">Privacy Policy<\/a> and <a href=\"https:\/\/policies.google.com\/terms\">Terms of Service<\/a> apply.<\/div><\/div><p class=\"form_element \"><input type=\"hidden\" value=\"1\" name=\"avia_generated_form1\" \/><input type=\"submit\" value=\"Submit\" class=\"button\"  data-sending-label=\"Sending\"\/><\/p><\/fieldset><div class=\"avia-disabled-form\">This contact form is deactivated because you refused to accept Google reCaptcha service which is necessary to validate any messages sent by the form.<\/div><\/form><div id=\"ajaxresponse_1\" class=\"ajaxresponse ajaxresponse_1 hidden\"><\/div><br \/>\n<section  id=\"situation\"  class='av_textblock_section av-kmq7utu9-24c395d047db71eb902b4d559e9eb5e8 '   itemscope=\"itemscope\" itemtype=\"https:\/\/schema.org\/CreativeWork\" ><div class='avia_textblock'  itemprop=\"text\" ><h2><span style=\"color: #38495b;\">To join us<\/span><\/h2>\n<p><strong>G\u00eetes Lacombe<\/strong> are situated in the heart of the black perigord near to the Perigord\u2019s most beautiful sites (Sarlat, Lascaux, Les Eyzies, the Dordogne Valley) between Montignac and Sarlat on the D60. The nearby motorways are the A89 and the A20. The nearby airports are Brive-Dordogne Valley Airport (on the A20 between Brive and Souillac) and Bergerac.<\/p>\n<p><strong>Reception : La Borie<\/strong> : Point GPS : Latitude : 44.9564189 &#8211; Longitude : 1.259152<\/p>\n\r\n\t\t\t\r\n\r\n\t\t\t<div style=\"display:block; width:100%;\">\r\n\r\n\t\t\t\t\r\n\t\t\t\r\n\t\t\t\t<div id=\"wpgmaps_directions_notification_2\" style=\"display:none;\">Fetching directions......<\/div>\r\n\t\t\t\t<div id=\"wpgmaps_directions_reset_2\" style=\"display:none;\">\r\n\r\n\t\t\t\t\t<a href='javascript:void(0)' onclick='wpgmza_reset_directions(2);' id='wpgmaps_reset_directions' title='Reset directions'>Reset directions<\/a>\r\n\t\t\t\t\t<br \/>\r\n\t\t\t\t\t<a href=';' id='wpgmaps_print_directions_2' target='_blank' title='Print directions' rel=\"noopener\">Print directions<\/a>\r\n\t\t\t\t<\/div>\r\n\t\t\t\r\n\t\t\t\t<div id=\"directions_panel_2\"><\/div>\r\n\t\t\t\r\n\t\t\t<\/div>\r\n\r\n\t\t\t\r\n\t\t\t\r\n\t\t\t\r\n\r\n\t\t\t\r\n            <a name='map2'><\/a>\r\n\r\n\t\t\t<div class=\"wpgmza_map \" id=\"wpgmza_map_2\" style=\"display:block; overflow:auto; width:100%; height:640px; float:left;\" data-settings='{\"id\":\"2\",\"map_title\":\"Carte 19-02-2021\",\"map_width\":\"100\",\"map_height\":\"640\",\"map_start_lat\":\"44.94190071788906\",\"map_start_lng\":\"1.2695321640624968\",\"map_start_location\":\"\",\"map_start_zoom\":\"10\",\"default_marker\":\"\",\"type\":\"1\",\"alignment\":\"0\",\"directions_enabled\":\"0\",\"styling_enabled\":\"0\",\"styling_json\":\"\",\"active\":\"0\",\"kml\":\"\",\"bicycle\":\"0\",\"traffic\":\"0\",\"dbox\":\"4\",\"dbox_width\":\"100\",\"listmarkers\":\"0\",\"listmarkers_advanced\":\"0\",\"filterbycat\":\"0\",\"ugm_enabled\":\"0\",\"ugm_category_enabled\":\"0\",\"fusion\":\"\",\"map_width_type\":\"%\",\"map_height_type\":\"px\",\"mass_marker_support\":\"0\",\"ugm_access\":\"0\",\"order_markers_by\":\"1\",\"order_markers_choice\":\"1\",\"show_user_location\":\"0\",\"default_to\":\"\",\"other_settings\":{\"map_type\":1,\"sl_stroke_color\":\"#ff0000\",\"sl_fill_color\":\"#ff0000\",\"sl_stroke_opacity\":\"1\",\"sl_fill_opacity\":\"0.5\",\"transport_layer\":false,\"shortcodeAttributes\":{\"id\":\"2\"},\"action\":\"wpgmza_save_map\",\"redirect_to\":\"\\\/wp-admin\\\/admin-post.php\",\"map_id\":\"2\",\"http_referer\":\"\\\/wp-admin\\\/admin.php?page=wp-google-maps-menu&amp;amp;action=edit&amp;amp;map_id=2\",\"wpgmza_id\":\"2\",\"wpgmza_start_location\":\"44.94190071788906,1.2695321640624968\",\"wpgmza_start_zoom\":\"10\",\"wpgmza_theme_data\":\"\",\"wpgmza_dbox_width_type\":\"%\",\"default_from\":\"\",\"directions_behaviour\":\"default\",\"force_google_directions_app\":false,\"directions_route_origin_icon\":\"http:\\\/\\\/www.giteslacombe-perigord.com\\\/wp-content\\\/plugins\\\/wp-google-maps\\\/images\\\/spotlight-poi2.png\",\"directions_origin_retina\":false,\"directions_route_destination_icon\":\"http:\\\/\\\/www.giteslacombe-perigord.com\\\/wp-content\\\/plugins\\\/wp-google-maps\\\/images\\\/spotlight-poi2.png\",\"directions_destination_retina\":false,\"directions_route_stroke_color\":\"#4f8df5\",\"directions_route_stroke_weight\":\"4\",\"directions_route_stroke_opacity\":\"0.8\",\"directions_fit_bounds_to_route\":false,\"store_locator_enabled\":false,\"store_locator_search_area\":\"radial\",\"wpgmza_store_locator_radius_style\":\"legacy\",\"wpgmza_store_locator_default_radius\":\"10\",\"store_locator_auto_area_max_zoom\":\"\",\"wpgmza_store_locator_restrict\":\"\",\"store_locator_distance\":false,\"wpgmza_store_locator_position\":false,\"store_locator_show_distance\":false,\"store_locator_category\":false,\"wpgmza_store_locator_use_their_location\":false,\"wpgmza_store_locator_bounce\":false,\"upload_default_sl_marker\":\"\",\"retina\":false,\"wpgmza_sl_animation\":\"0\",\"wpgmza_store_locator_hide_before_search\":false,\"store_locator_query_string\":\"\",\"store_locator_default_address\":\"\",\"store_locator_name_search\":false,\"store_locator_name_string\":\"\",\"store_locator_not_found_message\":\"\",\"wpgmza_map_align\":\"1\",\"upload_default_ul_marker\":\"\",\"jump_to_nearest_marker_on_initialization\":false,\"automatically_pan_to_users_location\":false,\"override_users_location_zoom_level\":false,\"override_users_location_zoom_levels\":\"\",\"show_distance_from_location\":false,\"map_max_zoom\":\"21\",\"map_min_zoom\":\"0\",\"click_open_link\":false,\"fit_maps_bounds_to_markers\":false,\"fit_maps_bounds_to_markers_after_filtering\":false,\"hide_point_of_interest\":false,\"wpgmza_zoom_on_marker_click\":false,\"wpgmza_zoom_on_marker_click_slider\":\"\",\"close_infowindow_on_map_click\":false,\"disable_lightbox_images\":false,\"use_Raw_Jpeg_Coordinates\":false,\"polygon_labels\":false,\"disable_polygon_info_windows\":false,\"enable_advanced_custom_fields_integration\":false,\"enable_toolset_woocommerce_integration\":false,\"only_load_markers_within_viewport\":false,\"iw_primary_color\":\"\",\"iw_accent_color\":\"\",\"iw_text_color\":\"\",\"wpgmza_listmarkers_by\":\"0\",\"wpgmza_marker_listing_position\":false,\"wpgmza_push_in_map\":false,\"wpgmza_push_in_map_placement\":\"1\",\"wpgmza_push_in_map_width\":\"\",\"wpgmza_push_in_map_height\":\"\",\"datatable_no_result_message\":\"\",\"remove_search_box_datables\":false,\"dataTable_pagination_style\":\"default\",\"datatable_search_string\":\"\",\"datatable_result_start\":\"\",\"datatable_result_of\":\"\",\"datatable_result_to\":\"\",\"datatable_result_total\":\"\",\"datatable_result_show\":\"\",\"datatable_result_entries\":\"\",\"wpgmza_savemap\":\"Save Map \\u00bb\",\"wpgmza_iw_type\":\"0\",\"upload_default_sl_marker_retina\":false,\"upload_default_ul_marker_retina\":false,\"zoom_level_on_marker_listing_override\":false,\"zoom_level_on_marker_listing_click\":\"\"}}' data-map-id='2' data-shortcode-attributes='{\"id\":\"2\"}' > <\/div>   \r\n\t\t\t\r\n\r\n\t\t\t\r\n\t\t\t\r\n\r\n        \n<\/div><\/section><\/p><\/div>\n","protected":false},"excerpt":{"rendered":"","protected":false},"author":1,"featured_media":0,"parent":0,"menu_order":0,"comment_status":"closed","ping_status":"closed","template":"","meta":{"footnotes":""},"class_list":["post-7804","page","type-page","status-publish","hentry"],"yoast_head":"<!-- This site is optimized with the Yoast SEO plugin v27.3 - https:\/\/yoast.com\/product\/yoast-seo-wordpress\/ -->\n<title>Contact us \/ Join us - G\u00eetes Lacombe en Dordogne P\u00e9rigord \u2013 G\u00eetes de charme en Dordogne P\u00e9rigord<\/title>\n<meta name=\"robots\" content=\"index, follow, max-snippet:-1, max-image-preview:large, max-video-preview:-1\" \/>\n<link rel=\"canonical\" href=\"https:\/\/www.giteslacombe-perigord.com\/en\/contact-us\/\" \/>\n<meta property=\"og:locale\" content=\"en_US\" \/>\n<meta property=\"og:type\" content=\"article\" \/>\n<meta property=\"og:title\" content=\"Contact us \/ Join us - G\u00eetes Lacombe en Dordogne P\u00e9rigord \u2013 G\u00eetes de charme en Dordogne P\u00e9rigord\" \/>\n<meta property=\"og:url\" content=\"https:\/\/www.giteslacombe-perigord.com\/en\/contact-us\/\" \/>\n<meta property=\"og:site_name\" content=\"G\u00eetes Lacombe en Dordogne P\u00e9rigord \u2013 G\u00eetes de charme en Dordogne P\u00e9rigord\" \/>\n<meta property=\"article:modified_time\" content=\"2024-09-23T11:09:38+00:00\" \/>\n<meta name=\"twitter:card\" content=\"summary_large_image\" \/>\n<meta name=\"twitter:label1\" content=\"Est. reading time\" \/>\n\t<meta name=\"twitter:data1\" content=\"1 minute\" \/>\n<script type=\"application\/ld+json\" class=\"yoast-schema-graph\">{\"@context\":\"https:\\\/\\\/schema.org\",\"@graph\":[{\"@type\":\"WebPage\",\"@id\":\"https:\\\/\\\/www.giteslacombe-perigord.com\\\/en\\\/contact-us\\\/\",\"url\":\"https:\\\/\\\/www.giteslacombe-perigord.com\\\/en\\\/contact-us\\\/\",\"name\":\"Contact us \\\/ Join us - G\u00eetes Lacombe en Dordogne P\u00e9rigord \u2013 G\u00eetes de charme en Dordogne P\u00e9rigord\",\"isPartOf\":{\"@id\":\"https:\\\/\\\/www.giteslacombe-perigord.com\\\/#website\"},\"datePublished\":\"2021-10-12T13:10:31+00:00\",\"dateModified\":\"2024-09-23T11:09:38+00:00\",\"breadcrumb\":{\"@id\":\"https:\\\/\\\/www.giteslacombe-perigord.com\\\/en\\\/contact-us\\\/#breadcrumb\"},\"inLanguage\":\"en-US\",\"potentialAction\":[{\"@type\":\"ReadAction\",\"target\":[\"https:\\\/\\\/www.giteslacombe-perigord.com\\\/en\\\/contact-us\\\/\"]}]},{\"@type\":\"BreadcrumbList\",\"@id\":\"https:\\\/\\\/www.giteslacombe-perigord.com\\\/en\\\/contact-us\\\/#breadcrumb\",\"itemListElement\":[{\"@type\":\"ListItem\",\"position\":1,\"name\":\"Accueil\",\"item\":\"https:\\\/\\\/www.giteslacombe-perigord.com\\\/en\\\/\"},{\"@type\":\"ListItem\",\"position\":2,\"name\":\"Contact us \\\/ Join us\"}]},{\"@type\":\"WebSite\",\"@id\":\"https:\\\/\\\/www.giteslacombe-perigord.com\\\/#website\",\"url\":\"https:\\\/\\\/www.giteslacombe-perigord.com\\\/\",\"name\":\"G\u00eetes Lacombe en Dordogne P\u00e9rigord \u2013 G\u00eetes de charme en Dordogne P\u00e9rigord\",\"description\":\"Location de vacances en Dordogne P\u00e9rigord\",\"publisher\":{\"@id\":\"https:\\\/\\\/www.giteslacombe-perigord.com\\\/#organization\"},\"potentialAction\":[{\"@type\":\"SearchAction\",\"target\":{\"@type\":\"EntryPoint\",\"urlTemplate\":\"https:\\\/\\\/www.giteslacombe-perigord.com\\\/?s={search_term_string}\"},\"query-input\":{\"@type\":\"PropertyValueSpecification\",\"valueRequired\":true,\"valueName\":\"search_term_string\"}}],\"inLanguage\":\"en-US\"},{\"@type\":\"Organization\",\"@id\":\"https:\\\/\\\/www.giteslacombe-perigord.com\\\/#organization\",\"name\":\"G\u00eetes Lacombe - Dordogne P\u00e9rigord\",\"url\":\"https:\\\/\\\/www.giteslacombe-perigord.com\\\/\",\"logo\":{\"@type\":\"ImageObject\",\"inLanguage\":\"en-US\",\"@id\":\"https:\\\/\\\/www.giteslacombe-perigord.com\\\/#\\\/schema\\\/logo\\\/image\\\/\",\"url\":\"https:\\\/\\\/www.giteslacombe-perigord.com\\\/wp-content\\\/uploads\\\/2021\\\/09\\\/logo-lacombe-2021-CARRE-330px.png\",\"contentUrl\":\"https:\\\/\\\/www.giteslacombe-perigord.com\\\/wp-content\\\/uploads\\\/2021\\\/09\\\/logo-lacombe-2021-CARRE-330px.png\",\"width\":330,\"height\":206,\"caption\":\"G\u00eetes Lacombe - Dordogne P\u00e9rigord\"},\"image\":{\"@id\":\"https:\\\/\\\/www.giteslacombe-perigord.com\\\/#\\\/schema\\\/logo\\\/image\\\/\"}}]}<\/script>\n<!-- \/ Yoast SEO plugin. -->","yoast_head_json":{"title":"Contact us \/ Join us - G\u00eetes Lacombe en Dordogne P\u00e9rigord \u2013 G\u00eetes de charme en Dordogne P\u00e9rigord","robots":{"index":"index","follow":"follow","max-snippet":"max-snippet:-1","max-image-preview":"max-image-preview:large","max-video-preview":"max-video-preview:-1"},"canonical":"https:\/\/www.giteslacombe-perigord.com\/en\/contact-us\/","og_locale":"en_US","og_type":"article","og_title":"Contact us \/ Join us - G\u00eetes Lacombe en Dordogne P\u00e9rigord \u2013 G\u00eetes de charme en Dordogne P\u00e9rigord","og_url":"https:\/\/www.giteslacombe-perigord.com\/en\/contact-us\/","og_site_name":"G\u00eetes Lacombe en Dordogne P\u00e9rigord \u2013 G\u00eetes de charme en Dordogne P\u00e9rigord","article_modified_time":"2024-09-23T11:09:38+00:00","twitter_card":"summary_large_image","twitter_misc":{"Est. reading time":"1 minute"},"schema":{"@context":"https:\/\/schema.org","@graph":[{"@type":"WebPage","@id":"https:\/\/www.giteslacombe-perigord.com\/en\/contact-us\/","url":"https:\/\/www.giteslacombe-perigord.com\/en\/contact-us\/","name":"Contact us \/ Join us - G\u00eetes Lacombe en Dordogne P\u00e9rigord \u2013 G\u00eetes de charme en Dordogne P\u00e9rigord","isPartOf":{"@id":"https:\/\/www.giteslacombe-perigord.com\/#website"},"datePublished":"2021-10-12T13:10:31+00:00","dateModified":"2024-09-23T11:09:38+00:00","breadcrumb":{"@id":"https:\/\/www.giteslacombe-perigord.com\/en\/contact-us\/#breadcrumb"},"inLanguage":"en-US","potentialAction":[{"@type":"ReadAction","target":["https:\/\/www.giteslacombe-perigord.com\/en\/contact-us\/"]}]},{"@type":"BreadcrumbList","@id":"https:\/\/www.giteslacombe-perigord.com\/en\/contact-us\/#breadcrumb","itemListElement":[{"@type":"ListItem","position":1,"name":"Accueil","item":"https:\/\/www.giteslacombe-perigord.com\/en\/"},{"@type":"ListItem","position":2,"name":"Contact us \/ Join us"}]},{"@type":"WebSite","@id":"https:\/\/www.giteslacombe-perigord.com\/#website","url":"https:\/\/www.giteslacombe-perigord.com\/","name":"G\u00eetes Lacombe en Dordogne P\u00e9rigord \u2013 G\u00eetes de charme en Dordogne P\u00e9rigord","description":"Location de vacances en Dordogne P\u00e9rigord","publisher":{"@id":"https:\/\/www.giteslacombe-perigord.com\/#organization"},"potentialAction":[{"@type":"SearchAction","target":{"@type":"EntryPoint","urlTemplate":"https:\/\/www.giteslacombe-perigord.com\/?s={search_term_string}"},"query-input":{"@type":"PropertyValueSpecification","valueRequired":true,"valueName":"search_term_string"}}],"inLanguage":"en-US"},{"@type":"Organization","@id":"https:\/\/www.giteslacombe-perigord.com\/#organization","name":"G\u00eetes Lacombe - Dordogne P\u00e9rigord","url":"https:\/\/www.giteslacombe-perigord.com\/","logo":{"@type":"ImageObject","inLanguage":"en-US","@id":"https:\/\/www.giteslacombe-perigord.com\/#\/schema\/logo\/image\/","url":"https:\/\/www.giteslacombe-perigord.com\/wp-content\/uploads\/2021\/09\/logo-lacombe-2021-CARRE-330px.png","contentUrl":"https:\/\/www.giteslacombe-perigord.com\/wp-content\/uploads\/2021\/09\/logo-lacombe-2021-CARRE-330px.png","width":330,"height":206,"caption":"G\u00eetes Lacombe - Dordogne P\u00e9rigord"},"image":{"@id":"https:\/\/www.giteslacombe-perigord.com\/#\/schema\/logo\/image\/"}}]}},"_links":{"self":[{"href":"https:\/\/www.giteslacombe-perigord.com\/en\/wp-json\/wp\/v2\/pages\/7804","targetHints":{"allow":["GET"]}}],"collection":[{"href":"https:\/\/www.giteslacombe-perigord.com\/en\/wp-json\/wp\/v2\/pages"}],"about":[{"href":"https:\/\/www.giteslacombe-perigord.com\/en\/wp-json\/wp\/v2\/types\/page"}],"author":[{"embeddable":true,"href":"https:\/\/www.giteslacombe-perigord.com\/en\/wp-json\/wp\/v2\/users\/1"}],"replies":[{"embeddable":true,"href":"https:\/\/www.giteslacombe-perigord.com\/en\/wp-json\/wp\/v2\/comments?post=7804"}],"version-history":[{"count":0,"href":"https:\/\/www.giteslacombe-perigord.com\/en\/wp-json\/wp\/v2\/pages\/7804\/revisions"}],"wp:attachment":[{"href":"https:\/\/www.giteslacombe-perigord.com\/en\/wp-json\/wp\/v2\/media?parent=7804"}],"curies":[{"name":"wp","href":"https:\/\/api.w.org\/{rel}","templated":true}]}}